{"id":3036,"date":"2023-11-30T01:33:02","date_gmt":"2023-11-30T01:33:02","guid":{"rendered":"https:\/\/wp-micro-beta.neyber.tech\/my-clothing-suppliers\/"},"modified":"2024-01-05T13:35:19","modified_gmt":"2024-01-05T13:35:19","slug":"my-clothing-suppliers","status":"publish","type":"page","link":"https:\/\/dev.microstore.app\/it\/my-clothing-suppliers\/","title":{"rendered":"My clothing suppliers"},"content":{"rendered":"\t\t<div data-elementor-type=\"wp-page\" data-elementor-id=\"3036\" class=\"elementor elementor-3036 elementor-2376\" data-elementor-post-type=\"page\">\n\t\t\t\t<div class=\"elementor-element elementor-element-54fd3ae e-flex e-con-boxed e-con e-parent\" data-id=\"54fd3ae\" data-element_type=\"container\">\n\t\t\t\t\t<div class=\"e-con-inner\">\n\t\t\t\t<div class=\"elementor-element elementor-element-fdef0ad elementor-widget elementor-widget-heading\" data-id=\"fdef0ad\" data-element_type=\"widget\" data-widget_type=\"heading.default\">\n\t\t\t\t<div class=\"elementor-widget-container\">\n\t\t\t<style>\/*! elementor - v3.22.0 - 26-06-2024 *\/\n.elementor-heading-title{padding:0;margin:0;line-height:1}.elementor-widget-heading .elementor-heading-title[class*=elementor-size-]>a{color:inherit;font-size:inherit;line-height:inherit}.elementor-widget-heading .elementor-heading-title.elementor-size-small{font-size:15px}.elementor-widget-heading .elementor-heading-title.elementor-size-medium{font-size:19px}.elementor-widget-heading .elementor-heading-title.elementor-size-large{font-size:29px}.elementor-widget-heading .elementor-heading-title.elementor-size-xl{font-size:39px}.elementor-widget-heading .elementor-heading-title.elementor-size-xxl{font-size:59px}<\/style><h1 class=\"elementor-heading-title elementor-size-default\">How do I manage my clothing suppliers with the MicroStore application?<\/h1>\t\t<\/div>\n\t\t\t\t<\/div>\n\t\t\t\t\t<\/div>\n\t\t\t\t<\/div>\n\t\t<div class=\"elementor-element elementor-element-321c51d e-flex e-con-boxed e-con e-parent\" data-id=\"321c51d\" data-element_type=\"container\" data-settings=\"{&quot;background_background&quot;:&quot;classic&quot;}\">\n\t\t\t\t\t<div class=\"e-con-inner\">\n\t\t<div class=\"elementor-element elementor-element-093c818 e-con-full e-flex e-con e-child\" data-id=\"093c818\" data-element_type=\"container\" data-settings=\"{&quot;background_background&quot;:&quot;classic&quot;}\">\n\t\t<div class=\"elementor-element elementor-element-8ceadbf e-con-full e-flex e-con e-child\" data-id=\"8ceadbf\" data-element_type=\"container\">\n\t\t\t\t<div class=\"elementor-element elementor-element-22622ca elementor-widget__width-initial elementor-widget elementor-widget-video\" data-id=\"22622ca\" data-element_type=\"widget\" data-settings=\"{&quot;youtube_url&quot;:&quot;https:\\\/\\\/youtu.be\\\/WCLtdvxQHcI&quot;,&quot;video_type&quot;:&quot;youtube&quot;,&quot;controls&quot;:&quot;yes&quot;}\" data-widget_type=\"video.default\">\n\t\t\t\t<div class=\"elementor-widget-container\">\n\t\t\t<style>\/*! elementor - v3.22.0 - 26-06-2024 *\/\n.elementor-widget-video .elementor-widget-container{overflow:hidden;transform:translateZ(0)}.elementor-widget-video .elementor-wrapper{aspect-ratio:var(--video-aspect-ratio)}.elementor-widget-video .elementor-wrapper iframe,.elementor-widget-video .elementor-wrapper video{height:100%;width:100%;display:flex;border:none;background-color:#000}@supports not (aspect-ratio:1\/1){.elementor-widget-video .elementor-wrapper{position:relative;overflow:hidden;height:0;padding-bottom:calc(100% \/ var(--video-aspect-ratio))}.elementor-widget-video .elementor-wrapper iframe,.elementor-widget-video .elementor-wrapper video{position:absolute;top:0;right:0;bottom:0;left:0}}.elementor-widget-video .elementor-open-inline .elementor-custom-embed-image-overlay{position:absolute;top:0;right:0;bottom:0;left:0;background-size:cover;background-position:50%}.elementor-widget-video .elementor-custom-embed-image-overlay{cursor:pointer;text-align:center}.elementor-widget-video .elementor-custom-embed-image-overlay:hover .elementor-custom-embed-play i{opacity:1}.elementor-widget-video .elementor-custom-embed-image-overlay img{display:block;width:100%;aspect-ratio:var(--video-aspect-ratio);-o-object-fit:cover;object-fit:cover;-o-object-position:center center;object-position:center center}@supports not (aspect-ratio:1\/1){.elementor-widget-video .elementor-custom-embed-image-overlay{position:relative;overflow:hidden;height:0;padding-bottom:calc(100% \/ var(--video-aspect-ratio))}.elementor-widget-video .elementor-custom-embed-image-overlay img{position:absolute;top:0;right:0;bottom:0;left:0}}.elementor-widget-video .e-hosted-video .elementor-video{-o-object-fit:cover;object-fit:cover}.e-con-inner>.elementor-widget-video,.e-con>.elementor-widget-video{width:var(--container-widget-width);--flex-grow:var(--container-widget-flex-grow)}<\/style>\t\t<div class=\"elementor-wrapper elementor-open-inline\">\n\t\t\t<div class=\"elementor-video\"><\/div>\t\t<\/div>\n\t\t\t\t<\/div>\n\t\t\t\t<\/div>\n\t\t\t\t<div class=\"elementor-element elementor-element-5c40df3 elementor-widget elementor-widget-heading\" data-id=\"5c40df3\" data-element_type=\"widget\" id=\"link-11\" data-widget_type=\"heading.default\">\n\t\t\t\t<div class=\"elementor-widget-container\">\n\t\t\t<h2 class=\"elementor-heading-title elementor-size-default\">\ud83d\udc57 How do I manage my clothing suppliers with the MicroStore application?<\/h2>\t\t<\/div>\n\t\t\t\t<\/div>\n\t\t\t\t<div class=\"elementor-element elementor-element-ca9a69a elementor-widget__width-initial elementor-widget elementor-widget-text-editor\" data-id=\"ca9a69a\" data-element_type=\"widget\" data-widget_type=\"text-editor.default\">\n\t\t\t\t<div class=\"elementor-widget-container\">\n\t\t\t<style>\/*! elementor - v3.22.0 - 26-06-2024 *\/\n.elementor-widget-text-editor.elementor-drop-cap-view-stacked .elementor-drop-cap{background-color:#69727d;color:#fff}.elementor-widget-text-editor.elementor-drop-cap-view-framed .elementor-drop-cap{color:#69727d;border:3px solid;background-color:transparent}.elementor-widget-text-editor:not(.elementor-drop-cap-view-default) .elementor-drop-cap{margin-top:8px}.elementor-widget-text-editor:not(.elementor-drop-cap-view-default) .elementor-drop-cap-letter{width:1em;height:1em}.elementor-widget-text-editor .elementor-drop-cap{float:left;text-align:center;line-height:1;font-size:50px}.elementor-widget-text-editor .elementor-drop-cap-letter{display:inline-block}<\/style>\t\t\t\t<p>In this informative guide, we&#8217;ll explore how to view and manage your suppliers on MicroStore.<\/p>\n<p>Follow these simple steps to organise your favourite suppliers and manage the ones you subscribe to.<\/p>\n<p><span style=\"text-decoration: underline;\"><b>Step 1: Access the list of suppliers<\/b><\/span><\/p>\n<ul>\n<li style=\"font-weight: 400;\" aria-level=\"1\"><span style=\"font-weight: 400;\"><strong>Open the application:<\/strong> Launch the MicroStore application on your device.<\/span><\/li>\n<li style=\"font-weight: 400;\" aria-level=\"1\"><span style=\"font-weight: 400;\"><strong>Options menu:<\/strong> Look for the three horizontal lines, usually at the top left of the screen. Click on it to open the menu.<\/span><\/li>\n<li style=\"font-weight: 400;\" aria-level=\"1\"><span style=\"font-weight: 400;\"><strong>Change Store:<\/strong> Select the &#8220;Change Store&#8221; option to access the complete list of your MicroStore suppliers.<\/span><\/li>\n<\/ul>\n<p><span style=\"text-decoration: underline;\"><b>Step 2: Explore supplier categories<br><\/b><\/span><\/p>\n<ul>\n<li style=\"font-weight: 400;\" aria-level=\"1\"><span style=\"font-weight: 400;\"><strong>Favourite suppliers:<\/strong> Here you&#8217;ll find the suppliers you&#8217;ve added as favourites. These suppliers are pinned to the top of your MicroStore for quick access.<\/span><\/li>\n<li style=\"font-weight: 400;\" aria-level=\"1\"><span style=\"font-weight: 400;\"><strong>Subscribed suppliers :<\/strong> Suppliers who have given you access to their MicroStore and to whom you have subscribed are listed here.<\/span><\/li>\n<\/ul>\n<p><span style=\"text-decoration: underline;\"><b>Step 3: Add a supplier to favourites<\/b><\/span><\/p>\n<ul>\n<li style=\"font-weight: 400;\" aria-level=\"1\"><span style=\"font-weight: 400;\"><strong>Slide to add:<\/strong> To add a supplier to your list of favourites, slide your finger left over the supplier&#8217;s profile.<\/span><\/li>\n<li style=\"font-weight: 400;\" aria-level=\"1\"><span style=\"font-weight: 400;\"><strong>Select &#8220;Preferred&#8221;:<\/strong> Once you have dragged, choose the &#8220;Preferred&#8221; option. The supplier will be automatically added to your list of favourites and pinned to the top of the list.<\/span><\/li>\n<\/ul>\n\t\t\t\t\t\t<\/div>\n\t\t\t\t<\/div>\n\t\t\t\t<div class=\"elementor-element elementor-element-7b85fab e-transform elementor-widget elementor-widget-image\" data-id=\"7b85fab\" data-element_type=\"widget\" data-settings=\"{&quot;_transform_scale_effect_hover&quot;:{&quot;unit&quot;:&quot;px&quot;,&quot;size&quot;:1.2,&quot;sizes&quot;:[]},&quot;_transform_scale_effect_hover_tablet&quot;:{&quot;unit&quot;:&quot;px&quot;,&quot;size&quot;:&quot;&quot;,&quot;sizes&quot;:[]},&quot;_transform_scale_effect_hover_mobile&quot;:{&quot;unit&quot;:&quot;px&quot;,&quot;size&quot;:&quot;&quot;,&quot;sizes&quot;:[]}}\" data-widget_type=\"image.default\">\n\t\t\t\t<div class=\"elementor-widget-container\">\n\t\t\t<style>\/*! elementor - v3.22.0 - 26-06-2024 *\/\n.elementor-widget-image{text-align:center}.elementor-widget-image a{display:inline-block}.elementor-widget-image a img[src$=\".svg\"]{width:48px}.elementor-widget-image img{vertical-align:middle;display:inline-block}<\/style>\t\t\t\t\t\t\t\t\t\t<img fetchpriority=\"high\" decoding=\"async\" width=\"800\" height=\"533\" src=\"https:\/\/dev.microstore.app\/wp-content\/uploads\/2023\/12\/GROUPE_Screen-Comment-gerer-mes-fournisseurs-de-vetement-avec-MS-1024x682.png\" class=\"attachment-large size-large wp-image-2574\" alt=\"\" srcset=\"https:\/\/dev.microstore.app\/wp-content\/uploads\/2023\/12\/GROUPE_Screen-Comment-gerer-mes-fournisseurs-de-vetement-avec-MS-1024x682.png 1024w, https:\/\/dev.microstore.app\/wp-content\/uploads\/2023\/12\/GROUPE_Screen-Comment-gerer-mes-fournisseurs-de-vetement-avec-MS-300x200.png 300w, https:\/\/dev.microstore.app\/wp-content\/uploads\/2023\/12\/GROUPE_Screen-Comment-gerer-mes-fournisseurs-de-vetement-avec-MS-768x512.png 768w, https:\/\/dev.microstore.app\/wp-content\/uploads\/2023\/12\/GROUPE_Screen-Comment-gerer-mes-fournisseurs-de-vetement-avec-MS-1536x1024.png 1536w, https:\/\/dev.microstore.app\/wp-content\/uploads\/2023\/12\/GROUPE_Screen-Comment-gerer-mes-fournisseurs-de-vetement-avec-MS.png 2000w\" sizes=\"(max-width: 800px) 100vw, 800px\" \/>\t\t\t\t\t\t\t\t\t\t\t\t\t<\/div>\n\t\t\t\t<\/div>\n\t\t\t\t<div class=\"elementor-element elementor-element-fe62724 elementor-widget__width-initial elementor-widget elementor-widget-text-editor\" data-id=\"fe62724\" data-element_type=\"widget\" data-widget_type=\"text-editor.default\">\n\t\t\t\t<div class=\"elementor-widget-container\">\n\t\t\t\t\t\t\t<h3 style=\"padding-left: 40px;\"><b>\ud83e\udd29 Useful tips<\/b><b>:<\/b><\/h3>\n<ul>\n<li style=\"font-weight: 400;\" aria-level=\"1\"><span style=\"font-weight: 400;\"><strong>Use preferred suppliers<\/strong> to organise your favourite sources and simplify your ordering process.<\/span><\/li>\n<li style=\"font-weight: 400;\" aria-level=\"1\"><span style=\"font-weight: 400;\">&nbsp;<strong>Manage the suppliers<\/strong> you subscribe to to ensure you stay up to date with the latest offers and updates.<\/span><\/li>\n<li style=\"font-weight: 400;\" aria-level=\"1\"><span style=\"font-weight: 400;\">&nbsp;<strong>Preferred suppliers<\/strong> pinned at the top provide quick access to the most important contacts.<\/span><\/li>\n<\/ul>\t\t\t\t\t\t<\/div>\n\t\t\t\t<\/div>\n\t\t\t\t<div class=\"elementor-element elementor-element-a4771db elementor-widget__width-initial elementor-widget elementor-widget-text-editor\" data-id=\"a4771db\" data-element_type=\"widget\" data-widget_type=\"text-editor.default\">\n\t\t\t\t<div class=\"elementor-widget-container\">\n\t\t\t\t\t\t\t<p><span style=\"font-weight: 400;\">By following these simple steps, you&#8217;ll be able to view, organise and manage your suppliers efficiently on MicroStore. Benefit from a streamlined management experience to optimise your procurement process<\/span><\/p>\n\t\t\t\t\t\t<\/div>\n\t\t\t\t<\/div>\n\t\t\t\t<\/div>\n\t\t\t\t<\/div>\n\t\t<div class=\"elementor-element elementor-element-aa0a6b9 e-flex e-con-boxed e-con e-child\" data-id=\"aa0a6b9\" data-element_type=\"container\">\n\t\t\t\t\t<div class=\"e-con-inner\">\n\t\t\t\t<div class=\"elementor-element elementor-element-df1db6e elementor-widget elementor-widget-heading\" data-id=\"df1db6e\" data-element_type=\"widget\" data-widget_type=\"heading.default\">\n\t\t\t\t<div class=\"elementor-widget-container\">\n\t\t\t<h2 class=\"elementor-heading-title elementor-size-default\">Want to go further? \n<\/h2>\t\t<\/div>\n\t\t\t\t<\/div>\n\t\t<div class=\"elementor-element elementor-element-a29c697 e-flex e-con-boxed e-con e-child\" data-id=\"a29c697\" data-element_type=\"container\">\n\t\t\t\t\t<div class=\"e-con-inner\">\n\t\t<div class=\"elementor-element elementor-element-e5bd553 e-flex e-con-boxed e-con e-child\" data-id=\"e5bd553\" data-element_type=\"container\">\n\t\t\t\t\t<div class=\"e-con-inner\">\n\t\t\t\t<div class=\"elementor-element elementor-element-caa9086 elementor-icon-list--layout-traditional elementor-list-item-link-full_width elementor-widget elementor-widget-icon-list\" data-id=\"caa9086\" data-element_type=\"widget\" data-widget_type=\"icon-list.default\">\n\t\t\t\t<div class=\"elementor-widget-container\">\n\t\t\t<link rel=\"stylesheet\" href=\"https:\/\/www.microstore.app\/wp-content\/plugins\/elementor\/assets\/css\/widget-icon-list.min.css\">\t\t<ul class=\"elementor-icon-list-items\">\n\t\t\t\t\t\t\t<li class=\"elementor-icon-list-item\">\n\t\t\t\t\t\t\t\t\t\t\t<a href=\"\/en\/finding-suppliers\/\">\n\n\t\t\t\t\t\t\t\t\t\t\t\t<span class=\"elementor-icon-list-icon\">\n\t\t\t\t\t\t\t<svg aria-hidden=\"true\" class=\"e-font-icon-svg e-fas-circle\" viewBox=\"0 0 512 512\" xmlns=\"http:\/\/www.w3.org\/2000\/svg\"><path d=\"M256 8C119 8 8 119 8 256s111 248 248 248 248-111 248-248S393 8 256 8z\"><\/path><\/svg>\t\t\t\t\t\t<\/span>\n\t\t\t\t\t\t\t\t\t\t<span class=\"elementor-icon-list-text\">Finding suppliers<\/span>\n\t\t\t\t\t\t\t\t\t\t\t<\/a>\n\t\t\t\t\t\t\t\t\t<\/li>\n\t\t\t\t\t\t\t\t<li class=\"elementor-icon-list-item\">\n\t\t\t\t\t\t\t\t\t\t\t<a href=\"\/en\/my-orders-on-microstore\/\">\n\n\t\t\t\t\t\t\t\t\t\t\t\t<span class=\"elementor-icon-list-icon\">\n\t\t\t\t\t\t\t<svg aria-hidden=\"true\" class=\"e-font-icon-svg e-fas-circle\" viewBox=\"0 0 512 512\" xmlns=\"http:\/\/www.w3.org\/2000\/svg\"><path d=\"M256 8C119 8 8 119 8 256s111 248 248 248 248-111 248-248S393 8 256 8z\"><\/path><\/svg>\t\t\t\t\t\t<\/span>\n\t\t\t\t\t\t\t\t\t\t<span class=\"elementor-icon-list-text\">My orders on MicroStore<\/span>\n\t\t\t\t\t\t\t\t\t\t\t<\/a>\n\t\t\t\t\t\t\t\t\t<\/li>\n\t\t\t\t\t\t<\/ul>\n\t\t\t\t<\/div>\n\t\t\t\t<\/div>\n\t\t\t\t\t<\/div>\n\t\t\t\t<\/div>\n\t\t<div class=\"elementor-element elementor-element-ee2dd34 e-flex e-con-boxed e-con e-child\" data-id=\"ee2dd34\" data-element_type=\"container\">\n\t\t\t\t\t<div class=\"e-con-inner\">\n\t\t\t\t<div class=\"elementor-element elementor-element-bd780b3 elementor-icon-list--layout-traditional elementor-list-item-link-full_width elementor-widget elementor-widget-icon-list\" data-id=\"bd780b3\" data-element_type=\"widget\" data-widget_type=\"icon-list.default\">\n\t\t\t\t<div class=\"elementor-widget-container\">\n\t\t\t\t\t<ul class=\"elementor-icon-list-items\">\n\t\t\t\t\t\t\t<li class=\"elementor-icon-list-item\">\n\t\t\t\t\t\t\t\t\t\t\t<a href=\"\/it\/my-account\/\">\n\n\t\t\t\t\t\t\t\t\t\t\t\t<span class=\"elementor-icon-list-icon\">\n\t\t\t\t\t\t\t<svg aria-hidden=\"true\" class=\"e-font-icon-svg e-fas-circle\" viewBox=\"0 0 512 512\" xmlns=\"http:\/\/www.w3.org\/2000\/svg\"><path d=\"M256 8C119 8 8 119 8 256s111 248 248 248 248-111 248-248S393 8 256 8z\"><\/path><\/svg>\t\t\t\t\t\t<\/span>\n\t\t\t\t\t\t\t\t\t\t<span class=\"elementor-icon-list-text\">My account<\/span>\n\t\t\t\t\t\t\t\t\t\t\t<\/a>\n\t\t\t\t\t\t\t\t\t<\/li>\n\t\t\t\t\t\t\t\t<li class=\"elementor-icon-list-item\">\n\t\t\t\t\t\t\t\t\t\t\t<a href=\"\/en\/my-conversations\/\">\n\n\t\t\t\t\t\t\t\t\t\t\t\t<span class=\"elementor-icon-list-icon\">\n\t\t\t\t\t\t\t<svg aria-hidden=\"true\" class=\"e-font-icon-svg e-fas-circle\" viewBox=\"0 0 512 512\" xmlns=\"http:\/\/www.w3.org\/2000\/svg\"><path d=\"M256 8C119 8 8 119 8 256s111 248 248 248 248-111 248-248S393 8 256 8z\"><\/path><\/svg>\t\t\t\t\t\t<\/span>\n\t\t\t\t\t\t\t\t\t\t<span class=\"elementor-icon-list-text\">My discussions with the wholesalers <\/span>\n\t\t\t\t\t\t\t\t\t\t\t<\/a>\n\t\t\t\t\t\t\t\t\t<\/li>\n\t\t\t\t\t\t<\/ul>\n\t\t\t\t<\/div>\n\t\t\t\t<\/div>\n\t\t\t\t\t<\/div>\n\t\t\t\t<\/div>\n\t\t\t\t\t<\/div>\n\t\t\t\t<\/div>\n\t\t\t\t\t<\/div>\n\t\t\t\t<\/div>\n\t\t\t\t\t<\/div>\n\t\t\t\t<\/div>\n\t\t\t\t<\/div>\n\t\t","protected":false},"excerpt":{"rendered":"<p>How do I manage my clothing suppliers with the MicroStore application? \ud83d\udc57 How do I manage my clothing suppliers with the MicroStore application? In this informative guide, we&#8217;ll explore how to view and manage your suppliers on MicroStore. Follow these simple steps to organise your favourite suppliers and manage the ones you subscribe to. Step [&hellip;]<\/p>\n","protected":false},"author":1,"featured_media":0,"parent":0,"menu_order":0,"comment_status":"closed","ping_status":"closed","template":"","meta":{"footnotes":""},"class_list":["post-3036","page","type-page","status-publish","hentry"],"yoast_head":"<!-- This site is optimized with the Yoast SEO plugin v22.9 - https:\/\/yoast.com\/wordpress\/plugins\/seo\/ -->\n<title>My clothing suppliers - Microstore -<\/title>\n<meta name=\"robots\" content=\"noindex, follow, max-snippet:-1, max-image-preview:large, max-video-preview:-1\" \/>\n<meta property=\"og:locale\" content=\"it_IT\" \/>\n<meta property=\"og:type\" content=\"article\" \/>\n<meta property=\"og:title\" content=\"My clothing suppliers - Microstore -\" \/>\n<meta property=\"og:description\" content=\"How do I manage my clothing suppliers with the MicroStore application? \ud83d\udc57 How do I manage my clothing suppliers with the MicroStore application? In this informative guide, we&#8217;ll explore how to view and manage your suppliers on MicroStore. Follow these simple steps to organise your favourite suppliers and manage the ones you subscribe to. Step [&hellip;]\" \/>\n<meta property=\"og:url\" content=\"https:\/\/dev.microstore.app\/it\/my-clothing-suppliers\/\" \/>\n<meta property=\"og:site_name\" content=\"Microstore -\" \/>\n<meta property=\"article:modified_time\" content=\"2024-01-05T13:35:19+00:00\" \/>\n<meta property=\"og:image\" content=\"https:\/\/www.microstore.app\/wp-content\/uploads\/2023\/12\/GROUPE_Screen-Comment-gerer-mes-fournisseurs-de-vetement-avec-MS-1024x682.png\" \/>\n<meta name=\"twitter:card\" content=\"summary_large_image\" \/>\n<meta name=\"twitter:label1\" content=\"Tempo di lettura stimato\" \/>\n\t<meta name=\"twitter:data1\" content=\"2 minuti\" \/>\n<script type=\"application\/ld+json\" class=\"yoast-schema-graph\">{\"@context\":\"https:\/\/schema.org\",\"@graph\":[{\"@type\":\"WebPage\",\"@id\":\"https:\/\/dev.microstore.app\/it\/my-clothing-suppliers\/\",\"url\":\"https:\/\/dev.microstore.app\/it\/my-clothing-suppliers\/\",\"name\":\"My clothing suppliers - Microstore -\",\"isPartOf\":{\"@id\":\"https:\/\/dev.microstore.app\/it\/#website\"},\"primaryImageOfPage\":{\"@id\":\"https:\/\/dev.microstore.app\/it\/my-clothing-suppliers\/#primaryimage\"},\"image\":{\"@id\":\"https:\/\/dev.microstore.app\/it\/my-clothing-suppliers\/#primaryimage\"},\"thumbnailUrl\":\"https:\/\/www.microstore.app\/wp-content\/uploads\/2023\/12\/GROUPE_Screen-Comment-gerer-mes-fournisseurs-de-vetement-avec-MS-1024x682.png\",\"datePublished\":\"2023-11-30T01:33:02+00:00\",\"dateModified\":\"2024-01-05T13:35:19+00:00\",\"breadcrumb\":{\"@id\":\"https:\/\/dev.microstore.app\/it\/my-clothing-suppliers\/#breadcrumb\"},\"inLanguage\":\"it-IT\",\"potentialAction\":[{\"@type\":\"ReadAction\",\"target\":[\"https:\/\/dev.microstore.app\/it\/my-clothing-suppliers\/\"]}]},{\"@type\":\"ImageObject\",\"inLanguage\":\"it-IT\",\"@id\":\"https:\/\/dev.microstore.app\/it\/my-clothing-suppliers\/#primaryimage\",\"url\":\"https:\/\/www.microstore.app\/wp-content\/uploads\/2023\/12\/GROUPE_Screen-Comment-gerer-mes-fournisseurs-de-vetement-avec-MS-1024x682.png\",\"contentUrl\":\"https:\/\/www.microstore.app\/wp-content\/uploads\/2023\/12\/GROUPE_Screen-Comment-gerer-mes-fournisseurs-de-vetement-avec-MS-1024x682.png\"},{\"@type\":\"BreadcrumbList\",\"@id\":\"https:\/\/dev.microstore.app\/it\/my-clothing-suppliers\/#breadcrumb\",\"itemListElement\":[{\"@type\":\"ListItem\",\"position\":1,\"name\":\"Home\",\"item\":\"https:\/\/dev.microstore.app\/it\/\"},{\"@type\":\"ListItem\",\"position\":2,\"name\":\"My clothing suppliers\"}]},{\"@type\":\"WebSite\",\"@id\":\"https:\/\/dev.microstore.app\/it\/#website\",\"url\":\"https:\/\/dev.microstore.app\/it\/\",\"name\":\"Microstore -\",\"description\":\"Meilleurs grossistes de v\u00eatements en ligne : T\u00e9l\u00e9chargez MicroStore.\",\"publisher\":{\"@id\":\"https:\/\/dev.microstore.app\/it\/#organization\"},\"potentialAction\":[{\"@type\":\"SearchAction\",\"target\":{\"@type\":\"EntryPoint\",\"urlTemplate\":\"https:\/\/dev.microstore.app\/it\/?s={search_term_string}\"},\"query-input\":\"required name=search_term_string\"}],\"inLanguage\":\"it-IT\"},{\"@type\":\"Organization\",\"@id\":\"https:\/\/dev.microstore.app\/it\/#organization\",\"name\":\"Microstore -\",\"url\":\"https:\/\/dev.microstore.app\/it\/\",\"logo\":{\"@type\":\"ImageObject\",\"inLanguage\":\"it-IT\",\"@id\":\"https:\/\/dev.microstore.app\/it\/#\/schema\/logo\/image\/\",\"url\":\"https:\/\/wp-micro-beta.neyber.tech\/wp-content\/uploads\/2023\/10\/microstore.webp\",\"contentUrl\":\"https:\/\/wp-micro-beta.neyber.tech\/wp-content\/uploads\/2023\/10\/microstore.webp\",\"width\":830,\"height\":118,\"caption\":\"Microstore -\"},\"image\":{\"@id\":\"https:\/\/dev.microstore.app\/it\/#\/schema\/logo\/image\/\"}}]}<\/script>\n<!-- \/ Yoast SEO plugin. -->","yoast_head_json":{"title":"My clothing suppliers - Microstore -","robots":{"index":"noindex","follow":"follow","max-snippet":"max-snippet:-1","max-image-preview":"max-image-preview:large","max-video-preview":"max-video-preview:-1"},"og_locale":"it_IT","og_type":"article","og_title":"My clothing suppliers - Microstore -","og_description":"How do I manage my clothing suppliers with the MicroStore application? \ud83d\udc57 How do I manage my clothing suppliers with the MicroStore application? In this informative guide, we&#8217;ll explore how to view and manage your suppliers on MicroStore. Follow these simple steps to organise your favourite suppliers and manage the ones you subscribe to. Step [&hellip;]","og_url":"https:\/\/dev.microstore.app\/it\/my-clothing-suppliers\/","og_site_name":"Microstore -","article_modified_time":"2024-01-05T13:35:19+00:00","og_image":[{"url":"https:\/\/www.microstore.app\/wp-content\/uploads\/2023\/12\/GROUPE_Screen-Comment-gerer-mes-fournisseurs-de-vetement-avec-MS-1024x682.png"}],"twitter_card":"summary_large_image","twitter_misc":{"Tempo di lettura stimato":"2 minuti"},"schema":{"@context":"https:\/\/schema.org","@graph":[{"@type":"WebPage","@id":"https:\/\/dev.microstore.app\/it\/my-clothing-suppliers\/","url":"https:\/\/dev.microstore.app\/it\/my-clothing-suppliers\/","name":"My clothing suppliers - Microstore -","isPartOf":{"@id":"https:\/\/dev.microstore.app\/it\/#website"},"primaryImageOfPage":{"@id":"https:\/\/dev.microstore.app\/it\/my-clothing-suppliers\/#primaryimage"},"image":{"@id":"https:\/\/dev.microstore.app\/it\/my-clothing-suppliers\/#primaryimage"},"thumbnailUrl":"https:\/\/www.microstore.app\/wp-content\/uploads\/2023\/12\/GROUPE_Screen-Comment-gerer-mes-fournisseurs-de-vetement-avec-MS-1024x682.png","datePublished":"2023-11-30T01:33:02+00:00","dateModified":"2024-01-05T13:35:19+00:00","breadcrumb":{"@id":"https:\/\/dev.microstore.app\/it\/my-clothing-suppliers\/#breadcrumb"},"inLanguage":"it-IT","potentialAction":[{"@type":"ReadAction","target":["https:\/\/dev.microstore.app\/it\/my-clothing-suppliers\/"]}]},{"@type":"ImageObject","inLanguage":"it-IT","@id":"https:\/\/dev.microstore.app\/it\/my-clothing-suppliers\/#primaryimage","url":"https:\/\/www.microstore.app\/wp-content\/uploads\/2023\/12\/GROUPE_Screen-Comment-gerer-mes-fournisseurs-de-vetement-avec-MS-1024x682.png","contentUrl":"https:\/\/www.microstore.app\/wp-content\/uploads\/2023\/12\/GROUPE_Screen-Comment-gerer-mes-fournisseurs-de-vetement-avec-MS-1024x682.png"},{"@type":"BreadcrumbList","@id":"https:\/\/dev.microstore.app\/it\/my-clothing-suppliers\/#breadcrumb","itemListElement":[{"@type":"ListItem","position":1,"name":"Home","item":"https:\/\/dev.microstore.app\/it\/"},{"@type":"ListItem","position":2,"name":"My clothing suppliers"}]},{"@type":"WebSite","@id":"https:\/\/dev.microstore.app\/it\/#website","url":"https:\/\/dev.microstore.app\/it\/","name":"Microstore -","description":"Meilleurs grossistes de v\u00eatements en ligne : T\u00e9l\u00e9chargez MicroStore.","publisher":{"@id":"https:\/\/dev.microstore.app\/it\/#organization"},"potentialAction":[{"@type":"SearchAction","target":{"@type":"EntryPoint","urlTemplate":"https:\/\/dev.microstore.app\/it\/?s={search_term_string}"},"query-input":"required name=search_term_string"}],"inLanguage":"it-IT"},{"@type":"Organization","@id":"https:\/\/dev.microstore.app\/it\/#organization","name":"Microstore -","url":"https:\/\/dev.microstore.app\/it\/","logo":{"@type":"ImageObject","inLanguage":"it-IT","@id":"https:\/\/dev.microstore.app\/it\/#\/schema\/logo\/image\/","url":"https:\/\/wp-micro-beta.neyber.tech\/wp-content\/uploads\/2023\/10\/microstore.webp","contentUrl":"https:\/\/wp-micro-beta.neyber.tech\/wp-content\/uploads\/2023\/10\/microstore.webp","width":830,"height":118,"caption":"Microstore -"},"image":{"@id":"https:\/\/dev.microstore.app\/it\/#\/schema\/logo\/image\/"}}]}},"_links":{"self":[{"href":"https:\/\/dev.microstore.app\/it\/wp-json\/wp\/v2\/pages\/3036","targetHints":{"allow":["GET"]}}],"collection":[{"href":"https:\/\/dev.microstore.app\/it\/wp-json\/wp\/v2\/pages"}],"about":[{"href":"https:\/\/dev.microstore.app\/it\/wp-json\/wp\/v2\/types\/page"}],"author":[{"embeddable":true,"href":"https:\/\/dev.microstore.app\/it\/wp-json\/wp\/v2\/users\/1"}],"replies":[{"embeddable":true,"href":"https:\/\/dev.microstore.app\/it\/wp-json\/wp\/v2\/comments?post=3036"}],"version-history":[{"count":6,"href":"https:\/\/dev.microstore.app\/it\/wp-json\/wp\/v2\/pages\/3036\/revisions"}],"predecessor-version":[{"id":3275,"href":"https:\/\/dev.microstore.app\/it\/wp-json\/wp\/v2\/pages\/3036\/revisions\/3275"}],"wp:attachment":[{"href":"https:\/\/dev.microstore.app\/it\/wp-json\/wp\/v2\/media?parent=3036"}],"curies":[{"name":"wp","href":"https:\/\/api.w.org\/{rel}","templated":true}]}}