{"id":2382,"date":"2023-11-30T01:47:48","date_gmt":"2023-11-30T01:47:48","guid":{"rendered":"https:\/\/micro.markunas.me\/?page_id=2382"},"modified":"2023-12-01T17:15:50","modified_gmt":"2023-12-01T17:15:50","slug":"mes-discussions","status":"publish","type":"page","link":"https:\/\/dev.microstore.app\/fr\/mes-discussions\/","title":{"rendered":"Mes discussions"},"content":{"rendered":"\t\t<div data-elementor-type=\"wp-page\" data-elementor-id=\"2382\" class=\"elementor elementor-2382\" data-elementor-post-type=\"page\">\n\t\t\t\t<div class=\"elementor-element elementor-element-54fd3ae e-flex e-con-boxed e-con e-parent\" data-id=\"54fd3ae\" data-element_type=\"container\">\n\t\t\t\t\t<div class=\"e-con-inner\">\n\t\t\t\t<div class=\"elementor-element elementor-element-fdef0ad elementor-widget elementor-widget-heading\" data-id=\"fdef0ad\" data-element_type=\"widget\" data-widget_type=\"heading.default\">\n\t\t\t\t<div class=\"elementor-widget-container\">\n\t\t\t<style>\/*! elementor - v3.22.0 - 26-06-2024 *\/\n.elementor-heading-title{padding:0;margin:0;line-height:1}.elementor-widget-heading .elementor-heading-title[class*=elementor-size-]>a{color:inherit;font-size:inherit;line-height:inherit}.elementor-widget-heading .elementor-heading-title.elementor-size-small{font-size:15px}.elementor-widget-heading .elementor-heading-title.elementor-size-medium{font-size:19px}.elementor-widget-heading .elementor-heading-title.elementor-size-large{font-size:29px}.elementor-widget-heading .elementor-heading-title.elementor-size-xl{font-size:39px}.elementor-widget-heading .elementor-heading-title.elementor-size-xxl{font-size:59px}<\/style><h1 class=\"elementor-heading-title elementor-size-default\">Comment g\u00e9rer mes relations sur MicroStore ? <\/h1>\t\t<\/div>\n\t\t\t\t<\/div>\n\t\t\t\t\t<\/div>\n\t\t\t\t<\/div>\n\t\t<div class=\"elementor-element elementor-element-321c51d e-flex e-con-boxed e-con e-parent\" data-id=\"321c51d\" data-element_type=\"container\" data-settings=\"{&quot;background_background&quot;:&quot;classic&quot;}\">\n\t\t\t\t\t<div class=\"e-con-inner\">\n\t\t<div class=\"elementor-element elementor-element-093c818 e-con-full e-flex e-con e-child\" data-id=\"093c818\" data-element_type=\"container\" data-settings=\"{&quot;background_background&quot;:&quot;classic&quot;}\">\n\t\t<div class=\"elementor-element elementor-element-8ceadbf e-con-full e-flex e-con e-child\" data-id=\"8ceadbf\" data-element_type=\"container\">\n\t\t\t\t<div class=\"elementor-element elementor-element-22622ca elementor-widget__width-initial elementor-widget elementor-widget-video\" data-id=\"22622ca\" data-element_type=\"widget\" data-settings=\"{&quot;youtube_url&quot;:&quot;https:\\\/\\\/www.youtube.com\\\/watch?v=l2MhcVsnbl0&quot;,&quot;video_type&quot;:&quot;youtube&quot;,&quot;controls&quot;:&quot;yes&quot;}\" data-widget_type=\"video.default\">\n\t\t\t\t<div class=\"elementor-widget-container\">\n\t\t\t<style>\/*! elementor - v3.22.0 - 26-06-2024 *\/\n.elementor-widget-video .elementor-widget-container{overflow:hidden;transform:translateZ(0)}.elementor-widget-video .elementor-wrapper{aspect-ratio:var(--video-aspect-ratio)}.elementor-widget-video .elementor-wrapper iframe,.elementor-widget-video .elementor-wrapper video{height:100%;width:100%;display:flex;border:none;background-color:#000}@supports not (aspect-ratio:1\/1){.elementor-widget-video .elementor-wrapper{position:relative;overflow:hidden;height:0;padding-bottom:calc(100% \/ var(--video-aspect-ratio))}.elementor-widget-video .elementor-wrapper iframe,.elementor-widget-video .elementor-wrapper video{position:absolute;top:0;right:0;bottom:0;left:0}}.elementor-widget-video .elementor-open-inline .elementor-custom-embed-image-overlay{position:absolute;top:0;right:0;bottom:0;left:0;background-size:cover;background-position:50%}.elementor-widget-video .elementor-custom-embed-image-overlay{cursor:pointer;text-align:center}.elementor-widget-video .elementor-custom-embed-image-overlay:hover .elementor-custom-embed-play i{opacity:1}.elementor-widget-video .elementor-custom-embed-image-overlay img{display:block;width:100%;aspect-ratio:var(--video-aspect-ratio);-o-object-fit:cover;object-fit:cover;-o-object-position:center center;object-position:center center}@supports not (aspect-ratio:1\/1){.elementor-widget-video .elementor-custom-embed-image-overlay{position:relative;overflow:hidden;height:0;padding-bottom:calc(100% \/ var(--video-aspect-ratio))}.elementor-widget-video .elementor-custom-embed-image-overlay img{position:absolute;top:0;right:0;bottom:0;left:0}}.elementor-widget-video .e-hosted-video .elementor-video{-o-object-fit:cover;object-fit:cover}.e-con-inner>.elementor-widget-video,.e-con>.elementor-widget-video{width:var(--container-widget-width);--flex-grow:var(--container-widget-flex-grow)}<\/style>\t\t<div class=\"elementor-wrapper elementor-open-inline\">\n\t\t\t<div class=\"elementor-video\"><\/div>\t\t<\/div>\n\t\t\t\t<\/div>\n\t\t\t\t<\/div>\n\t\t\t\t<div class=\"elementor-element elementor-element-5c40df3 elementor-widget elementor-widget-heading\" data-id=\"5c40df3\" data-element_type=\"widget\" id=\"link-22\" data-widget_type=\"heading.default\">\n\t\t\t\t<div class=\"elementor-widget-container\">\n\t\t\t<h2 class=\"elementor-heading-title elementor-size-default\">\ud83e\udd14 Comment g\u00e9rer mes relations avec les grossistes gr\u00e2ce \u00e0 MicroStore ?  <\/h2>\t\t<\/div>\n\t\t\t\t<\/div>\n\t\t\t\t<div class=\"elementor-element elementor-element-ca9a69a elementor-widget__width-initial elementor-widget elementor-widget-text-editor\" data-id=\"ca9a69a\" data-element_type=\"widget\" data-widget_type=\"text-editor.default\">\n\t\t\t\t<div class=\"elementor-widget-container\">\n\t\t\t<style>\/*! elementor - v3.22.0 - 26-06-2024 *\/\n.elementor-widget-text-editor.elementor-drop-cap-view-stacked .elementor-drop-cap{background-color:#69727d;color:#fff}.elementor-widget-text-editor.elementor-drop-cap-view-framed .elementor-drop-cap{color:#69727d;border:3px solid;background-color:transparent}.elementor-widget-text-editor:not(.elementor-drop-cap-view-default) .elementor-drop-cap{margin-top:8px}.elementor-widget-text-editor:not(.elementor-drop-cap-view-default) .elementor-drop-cap-letter{width:1em;height:1em}.elementor-widget-text-editor .elementor-drop-cap{float:left;text-align:center;line-height:1;font-size:50px}.elementor-widget-text-editor .elementor-drop-cap-letter{display:inline-block}<\/style>\t\t\t\t<p><span style=\"font-weight: 400;\">Dans ce guide, nous allons explorer la mani\u00e8re simple et efficace de contacter votre fournisseur grossiste directement depuis votre compte MicroStore. Suivez ces \u00e9tapes pour poser des questions, discuter de produits, et rester connect\u00e9 avec votre fournisseur.<\/span><\/p>\t\t\t\t\t\t<\/div>\n\t\t\t\t<\/div>\n\t\t\t\t<div class=\"elementor-element elementor-element-ded089f elementor-widget__width-initial elementor-widget elementor-widget-text-editor\" data-id=\"ded089f\" data-element_type=\"widget\" data-widget_type=\"text-editor.default\">\n\t\t\t\t<div class=\"elementor-widget-container\">\n\t\t\t\t\t\t\t<p><span style=\"text-decoration: underline;\"><b>\u00c9tape 1 : Acc\u00e9der \u00e0 la fonction de Chat<\/b><\/span><\/p><ul><li><strong>Ouvrir l&rsquo;application :<\/strong> D\u00e9marrez l&rsquo;application MicroStore sur votre appareil.<\/li><li><strong>Chat vert en bas \u00e0 droite :<\/strong> Recherchez l&rsquo;ic\u00f4ne de chat vert, habituellement situ\u00e9e en bas \u00e0 droite de l&rsquo;\u00e9cran. Cliquez dessus pour acc\u00e9der \u00e0 la fonction de chat.<\/li><\/ul><p><span style=\"text-decoration: underline;\"><b>\u00c9tape 2 : Contacter votre fournisseur<\/b><\/span><\/p><ul><li><strong>Page de Chat :<\/strong> Une fois sur la page de Chat, vous avez la possibilit\u00e9 de communiquer directement avec votre fournisseur.<\/li><li><strong>Poser des questions :<\/strong> Utilisez le Chat pour poser des questions sur les produits, les commandes, ou toute autre information n\u00e9cessaire.<\/li><li><strong>Messages \u00e9crits :<\/strong> Vous pouvez envoyer des messages \u00e9crits \u00e0 votre fournisseur.<\/li><\/ul><p><span style=\"text-decoration: underline;\"><b>\u00c9tape 3 : Fonctionnalit\u00e9s avanc\u00e9es<br \/><\/b><\/span><\/p><ul><li><strong>Supprimer les messages non lus :<\/strong> Si un message n&rsquo;a pas \u00e9t\u00e9 ouvert, vous avez la possibilit\u00e9 de le supprimer.<\/li><li><strong>Rappeler un message :<\/strong> Pour rappeler un message envoy\u00e9, acc\u00e9dez \u00e0 vos messages envoy\u00e9s, et cliquez sur \u00ab\u00a0Rappeler\u00a0\u00bb.<\/li><li><strong>Envoyer des \u00e9mojis :<\/strong> Personnalisez vos messages en envoyant des \u00e9mojis \u00e0 votre fournisseur.<\/li><li><strong>Envoyer des photos :<\/strong> Prenez des photos de produits ou envoyez des images pour obtenir plus d&rsquo;informations.<\/li><li><strong>Partager des commandes :<\/strong> Envoyez \u00e0 votre fournisseur des d\u00e9tails sur les commandes que vous avez pass\u00e9es sur MicroStore.<\/li><\/ul>\t\t\t\t\t\t<\/div>\n\t\t\t\t<\/div>\n\t\t\t\t<div class=\"elementor-element elementor-element-32c518f e-transform elementor-widget elementor-widget-image\" data-id=\"32c518f\" data-element_type=\"widget\" data-settings=\"{&quot;_transform_scale_effect_hover&quot;:{&quot;unit&quot;:&quot;px&quot;,&quot;size&quot;:1.2,&quot;sizes&quot;:[]},&quot;_transform_scale_effect_hover_tablet&quot;:{&quot;unit&quot;:&quot;px&quot;,&quot;size&quot;:&quot;&quot;,&quot;sizes&quot;:[]},&quot;_transform_scale_effect_hover_mobile&quot;:{&quot;unit&quot;:&quot;px&quot;,&quot;size&quot;:&quot;&quot;,&quot;sizes&quot;:[]}}\" data-widget_type=\"image.default\">\n\t\t\t\t<div class=\"elementor-widget-container\">\n\t\t\t<style>\/*! elementor - v3.22.0 - 26-06-2024 *\/\n.elementor-widget-image{text-align:center}.elementor-widget-image a{display:inline-block}.elementor-widget-image a img[src$=\".svg\"]{width:48px}.elementor-widget-image img{vertical-align:middle;display:inline-block}<\/style>\t\t\t\t\t\t\t\t\t\t<img fetchpriority=\"high\" decoding=\"async\" width=\"800\" height=\"533\" src=\"https:\/\/dev.microstore.app\/wp-content\/uploads\/2023\/12\/GROUPE_Screen-Comment-gerer-mes-relations-avec-les-grossistes-grace-a-MS-1024x682.png\" class=\"attachment-large size-large wp-image-2551\" alt=\"\" srcset=\"https:\/\/dev.microstore.app\/wp-content\/uploads\/2023\/12\/GROUPE_Screen-Comment-gerer-mes-relations-avec-les-grossistes-grace-a-MS-1024x682.png 1024w, https:\/\/dev.microstore.app\/wp-content\/uploads\/2023\/12\/GROUPE_Screen-Comment-gerer-mes-relations-avec-les-grossistes-grace-a-MS-300x200.png 300w, https:\/\/dev.microstore.app\/wp-content\/uploads\/2023\/12\/GROUPE_Screen-Comment-gerer-mes-relations-avec-les-grossistes-grace-a-MS-768x512.png 768w, https:\/\/dev.microstore.app\/wp-content\/uploads\/2023\/12\/GROUPE_Screen-Comment-gerer-mes-relations-avec-les-grossistes-grace-a-MS-1536x1024.png 1536w, https:\/\/dev.microstore.app\/wp-content\/uploads\/2023\/12\/GROUPE_Screen-Comment-gerer-mes-relations-avec-les-grossistes-grace-a-MS.png 2000w\" sizes=\"(max-width: 800px) 100vw, 800px\" \/>\t\t\t\t\t\t\t\t\t\t\t\t\t<\/div>\n\t\t\t\t<\/div>\n\t\t\t\t<div class=\"elementor-element elementor-element-fe62724 elementor-widget__width-initial elementor-widget elementor-widget-text-editor\" data-id=\"fe62724\" data-element_type=\"widget\" data-widget_type=\"text-editor.default\">\n\t\t\t\t<div class=\"elementor-widget-container\">\n\t\t\t\t\t\t\t<h3 style=\"padding-left: 40px;\"><b>\ud83e\udd29 Conseils pratiques :<\/b><\/h3><p style=\"padding-left: 40px;\"><span style=\"font-weight: 400;\">N&rsquo;h\u00e9sitez pas \u00e0 poser toutes les questions n\u00e9cessaires et \u00e0 maintenir une communication ouverte avec votre fournisseur. Cela peut contribuer \u00e0 des relations commerciales plus solides.<\/span><\/p>\t\t\t\t\t\t<\/div>\n\t\t\t\t<\/div>\n\t\t\t\t<div class=\"elementor-element elementor-element-817be53 elementor-widget__width-initial elementor-widget elementor-widget-text-editor\" data-id=\"817be53\" data-element_type=\"widget\" data-widget_type=\"text-editor.default\">\n\t\t\t\t<div class=\"elementor-widget-container\">\n\t\t\t\t\t\t\t<p><span style=\"font-weight: 400;\">En suivant ces \u00e9tapes simples, vous pourrez exploiter pleinement la fonction de chat sur MicroStore pour rester connect\u00e9 avec votre fournisseur, obtenir des informations cruciales et faciliter la gestion de vos commandes et de votre approvisionnement. Profitez de cette fonctionnalit\u00e9 pour optimiser votre exp\u00e9rience sur MicroStore.<\/span><\/p>\t\t\t\t\t\t<\/div>\n\t\t\t\t<\/div>\n\t\t\t\t<\/div>\n\t\t\t\t<\/div>\n\t\t<div class=\"elementor-element elementor-element-aa0a6b9 e-flex e-con-boxed e-con e-child\" data-id=\"aa0a6b9\" data-element_type=\"container\">\n\t\t\t\t\t<div class=\"e-con-inner\">\n\t\t\t\t<div class=\"elementor-element elementor-element-df1db6e elementor-widget elementor-widget-heading\" data-id=\"df1db6e\" data-element_type=\"widget\" data-widget_type=\"heading.default\">\n\t\t\t\t<div class=\"elementor-widget-container\">\n\t\t\t<h2 class=\"elementor-heading-title elementor-size-default\">Vous souhaitez aller plus loin ? \n<\/h2>\t\t<\/div>\n\t\t\t\t<\/div>\n\t\t<div class=\"elementor-element elementor-element-a29c697 e-flex e-con-boxed e-con e-child\" data-id=\"a29c697\" data-element_type=\"container\">\n\t\t\t\t\t<div class=\"e-con-inner\">\n\t\t<div class=\"elementor-element elementor-element-e5bd553 e-flex e-con-boxed e-con e-child\" data-id=\"e5bd553\" data-element_type=\"container\">\n\t\t\t\t\t<div class=\"e-con-inner\">\n\t\t\t\t<div class=\"elementor-element elementor-element-caa9086 elementor-icon-list--layout-traditional elementor-list-item-link-full_width elementor-widget elementor-widget-icon-list\" data-id=\"caa9086\" data-element_type=\"widget\" data-widget_type=\"icon-list.default\">\n\t\t\t\t<div class=\"elementor-widget-container\">\n\t\t\t<link rel=\"stylesheet\" href=\"https:\/\/www.microstore.app\/wp-content\/plugins\/elementor\/assets\/css\/widget-icon-list.min.css\">\t\t<ul class=\"elementor-icon-list-items\">\n\t\t\t\t\t\t\t<li class=\"elementor-icon-list-item\">\n\t\t\t\t\t\t\t\t\t\t\t<a href=\"\/mon-compte\/\">\n\n\t\t\t\t\t\t\t\t\t\t\t\t<span class=\"elementor-icon-list-icon\">\n\t\t\t\t\t\t\t<svg aria-hidden=\"true\" class=\"e-font-icon-svg e-fas-circle\" viewBox=\"0 0 512 512\" xmlns=\"http:\/\/www.w3.org\/2000\/svg\"><path d=\"M256 8C119 8 8 119 8 256s111 248 248 248 248-111 248-248S393 8 256 8z\"><\/path><\/svg>\t\t\t\t\t\t<\/span>\n\t\t\t\t\t\t\t\t\t\t<span class=\"elementor-icon-list-text\"> Mon compte<\/span>\n\t\t\t\t\t\t\t\t\t\t\t<\/a>\n\t\t\t\t\t\t\t\t\t<\/li>\n\t\t\t\t\t\t\t\t<li class=\"elementor-icon-list-item\">\n\t\t\t\t\t\t\t\t\t\t\t<a href=\"\/mes-commandes-sur-microstore\/\">\n\n\t\t\t\t\t\t\t\t\t\t\t\t<span class=\"elementor-icon-list-icon\">\n\t\t\t\t\t\t\t<svg aria-hidden=\"true\" class=\"e-font-icon-svg e-fas-circle\" viewBox=\"0 0 512 512\" xmlns=\"http:\/\/www.w3.org\/2000\/svg\"><path d=\"M256 8C119 8 8 119 8 256s111 248 248 248 248-111 248-248S393 8 256 8z\"><\/path><\/svg>\t\t\t\t\t\t<\/span>\n\t\t\t\t\t\t\t\t\t\t<span class=\"elementor-icon-list-text\">Mes commandes sur MicroStore<\/span>\n\t\t\t\t\t\t\t\t\t\t\t<\/a>\n\t\t\t\t\t\t\t\t\t<\/li>\n\t\t\t\t\t\t<\/ul>\n\t\t\t\t<\/div>\n\t\t\t\t<\/div>\n\t\t\t\t\t<\/div>\n\t\t\t\t<\/div>\n\t\t<div class=\"elementor-element elementor-element-ee2dd34 e-flex e-con-boxed e-con e-child\" data-id=\"ee2dd34\" data-element_type=\"container\">\n\t\t\t\t\t<div class=\"e-con-inner\">\n\t\t\t\t<div class=\"elementor-element elementor-element-bd780b3 elementor-icon-list--layout-traditional elementor-list-item-link-full_width elementor-widget elementor-widget-icon-list\" data-id=\"bd780b3\" data-element_type=\"widget\" data-widget_type=\"icon-list.default\">\n\t\t\t\t<div class=\"elementor-widget-container\">\n\t\t\t\t\t<ul class=\"elementor-icon-list-items\">\n\t\t\t\t\t\t\t<li class=\"elementor-icon-list-item\">\n\t\t\t\t\t\t\t\t\t\t\t<a href=\"\/mes-fournisseurs-de-vetements\/\">\n\n\t\t\t\t\t\t\t\t\t\t\t\t<span class=\"elementor-icon-list-icon\">\n\t\t\t\t\t\t\t<svg aria-hidden=\"true\" class=\"e-font-icon-svg e-fas-circle\" viewBox=\"0 0 512 512\" xmlns=\"http:\/\/www.w3.org\/2000\/svg\"><path d=\"M256 8C119 8 8 119 8 256s111 248 248 248 248-111 248-248S393 8 256 8z\"><\/path><\/svg>\t\t\t\t\t\t<\/span>\n\t\t\t\t\t\t\t\t\t\t<span class=\"elementor-icon-list-text\">Mes fournisseurs de v\u00eatements<\/span>\n\t\t\t\t\t\t\t\t\t\t\t<\/a>\n\t\t\t\t\t\t\t\t\t<\/li>\n\t\t\t\t\t\t\t\t<li class=\"elementor-icon-list-item\">\n\t\t\t\t\t\t\t\t\t\t\t<a href=\"\/demarrer-sur-microstore\/\">\n\n\t\t\t\t\t\t\t\t\t\t\t\t<span class=\"elementor-icon-list-icon\">\n\t\t\t\t\t\t\t<svg aria-hidden=\"true\" class=\"e-font-icon-svg e-fas-circle\" viewBox=\"0 0 512 512\" xmlns=\"http:\/\/www.w3.org\/2000\/svg\"><path d=\"M256 8C119 8 8 119 8 256s111 248 248 248 248-111 248-248S393 8 256 8z\"><\/path><\/svg>\t\t\t\t\t\t<\/span>\n\t\t\t\t\t\t\t\t\t\t<span class=\"elementor-icon-list-text\">D\u00e9marrer sur MicroStore<\/span>\n\t\t\t\t\t\t\t\t\t\t\t<\/a>\n\t\t\t\t\t\t\t\t\t<\/li>\n\t\t\t\t\t\t<\/ul>\n\t\t\t\t<\/div>\n\t\t\t\t<\/div>\n\t\t\t\t\t<\/div>\n\t\t\t\t<\/div>\n\t\t\t\t\t<\/div>\n\t\t\t\t<\/div>\n\t\t\t\t\t<\/div>\n\t\t\t\t<\/div>\n\t\t\t\t\t<\/div>\n\t\t\t\t<\/div>\n\t\t\t\t<\/div>\n\t\t","protected":false},"excerpt":{"rendered":"<p>Comment g\u00e9rer mes relations sur MicroStore ? \ud83e\udd14 Comment g\u00e9rer mes relations avec les grossistes gr\u00e2ce \u00e0 MicroStore ? Dans ce guide, nous allons explorer la mani\u00e8re simple et efficace de contacter votre fournisseur grossiste directement depuis votre compte MicroStore. Suivez ces \u00e9tapes pour poser des questions, discuter de produits, et rester connect\u00e9 avec votre [&hellip;]<\/p>\n","protected":false},"author":1,"featured_media":0,"parent":0,"menu_order":0,"comment_status":"closed","ping_status":"closed","template":"","meta":{"footnotes":""},"class_list":["post-2382","page","type-page","status-publish","hentry"],"yoast_head":"<!-- This site is optimized with the Yoast SEO plugin v22.9 - https:\/\/yoast.com\/wordpress\/plugins\/seo\/ -->\n<title>Mes discussions - Microstore -<\/title>\n<meta name=\"robots\" content=\"noindex, follow, max-snippet:-1, max-image-preview:large, max-video-preview:-1\" \/>\n<meta property=\"og:locale\" content=\"fr_FR\" \/>\n<meta property=\"og:type\" content=\"article\" \/>\n<meta property=\"og:title\" content=\"Mes discussions - Microstore -\" \/>\n<meta property=\"og:description\" content=\"Comment g\u00e9rer mes relations sur MicroStore ? \ud83e\udd14 Comment g\u00e9rer mes relations avec les grossistes gr\u00e2ce \u00e0 MicroStore ? Dans ce guide, nous allons explorer la mani\u00e8re simple et efficace de contacter votre fournisseur grossiste directement depuis votre compte MicroStore. Suivez ces \u00e9tapes pour poser des questions, discuter de produits, et rester connect\u00e9 avec votre [&hellip;]\" \/>\n<meta property=\"og:url\" content=\"https:\/\/dev.microstore.app\/fr\/mes-discussions\/\" \/>\n<meta property=\"og:site_name\" content=\"Microstore -\" \/>\n<meta property=\"article:modified_time\" content=\"2023-12-01T17:15:50+00:00\" \/>\n<meta property=\"og:image\" content=\"https:\/\/wp-micro-beta.neyber.tech\/wp-content\/uploads\/2023\/12\/GROUPE_Screen-Comment-gerer-mes-relations-avec-les-grossistes-grace-a-MS-1024x682.png\" \/>\n<meta name=\"twitter:card\" content=\"summary_large_image\" \/>\n<meta name=\"twitter:label1\" content=\"Dur\u00e9e de lecture estim\u00e9e\" \/>\n\t<meta name=\"twitter:data1\" content=\"2 minutes\" \/>\n<script type=\"application\/ld+json\" class=\"yoast-schema-graph\">{\"@context\":\"https:\/\/schema.org\",\"@graph\":[{\"@type\":\"WebPage\",\"@id\":\"https:\/\/dev.microstore.app\/fr\/mes-discussions\/\",\"url\":\"https:\/\/dev.microstore.app\/fr\/mes-discussions\/\",\"name\":\"Mes discussions - Microstore -\",\"isPartOf\":{\"@id\":\"https:\/\/dev.microstore.app\/fr\/#website\"},\"primaryImageOfPage\":{\"@id\":\"https:\/\/dev.microstore.app\/fr\/mes-discussions\/#primaryimage\"},\"image\":{\"@id\":\"https:\/\/dev.microstore.app\/fr\/mes-discussions\/#primaryimage\"},\"thumbnailUrl\":\"https:\/\/wp-micro-beta.neyber.tech\/wp-content\/uploads\/2023\/12\/GROUPE_Screen-Comment-gerer-mes-relations-avec-les-grossistes-grace-a-MS-1024x682.png\",\"datePublished\":\"2023-11-30T01:47:48+00:00\",\"dateModified\":\"2023-12-01T17:15:50+00:00\",\"breadcrumb\":{\"@id\":\"https:\/\/dev.microstore.app\/fr\/mes-discussions\/#breadcrumb\"},\"inLanguage\":\"fr-FR\",\"potentialAction\":[{\"@type\":\"ReadAction\",\"target\":[\"https:\/\/dev.microstore.app\/fr\/mes-discussions\/\"]}]},{\"@type\":\"ImageObject\",\"inLanguage\":\"fr-FR\",\"@id\":\"https:\/\/dev.microstore.app\/fr\/mes-discussions\/#primaryimage\",\"url\":\"https:\/\/wp-micro-beta.neyber.tech\/wp-content\/uploads\/2023\/12\/GROUPE_Screen-Comment-gerer-mes-relations-avec-les-grossistes-grace-a-MS-1024x682.png\",\"contentUrl\":\"https:\/\/wp-micro-beta.neyber.tech\/wp-content\/uploads\/2023\/12\/GROUPE_Screen-Comment-gerer-mes-relations-avec-les-grossistes-grace-a-MS-1024x682.png\"},{\"@type\":\"BreadcrumbList\",\"@id\":\"https:\/\/dev.microstore.app\/fr\/mes-discussions\/#breadcrumb\",\"itemListElement\":[{\"@type\":\"ListItem\",\"position\":1,\"name\":\"Home\",\"item\":\"https:\/\/dev.microstore.app\/fr\/\"},{\"@type\":\"ListItem\",\"position\":2,\"name\":\"Mes discussions\"}]},{\"@type\":\"WebSite\",\"@id\":\"https:\/\/dev.microstore.app\/fr\/#website\",\"url\":\"https:\/\/dev.microstore.app\/fr\/\",\"name\":\"Microstore -\",\"description\":\"Meilleurs grossistes de v\u00eatements en ligne : T\u00e9l\u00e9chargez MicroStore.\",\"publisher\":{\"@id\":\"https:\/\/dev.microstore.app\/fr\/#organization\"},\"potentialAction\":[{\"@type\":\"SearchAction\",\"target\":{\"@type\":\"EntryPoint\",\"urlTemplate\":\"https:\/\/dev.microstore.app\/fr\/?s={search_term_string}\"},\"query-input\":\"required name=search_term_string\"}],\"inLanguage\":\"fr-FR\"},{\"@type\":\"Organization\",\"@id\":\"https:\/\/dev.microstore.app\/fr\/#organization\",\"name\":\"Microstore -\",\"url\":\"https:\/\/dev.microstore.app\/fr\/\",\"logo\":{\"@type\":\"ImageObject\",\"inLanguage\":\"fr-FR\",\"@id\":\"https:\/\/dev.microstore.app\/fr\/#\/schema\/logo\/image\/\",\"url\":\"https:\/\/wp-micro-beta.neyber.tech\/wp-content\/uploads\/2023\/10\/microstore.webp\",\"contentUrl\":\"https:\/\/wp-micro-beta.neyber.tech\/wp-content\/uploads\/2023\/10\/microstore.webp\",\"width\":830,\"height\":118,\"caption\":\"Microstore -\"},\"image\":{\"@id\":\"https:\/\/dev.microstore.app\/fr\/#\/schema\/logo\/image\/\"}}]}<\/script>\n<!-- \/ Yoast SEO plugin. -->","yoast_head_json":{"title":"Mes discussions - Microstore -","robots":{"index":"noindex","follow":"follow","max-snippet":"max-snippet:-1","max-image-preview":"max-image-preview:large","max-video-preview":"max-video-preview:-1"},"og_locale":"fr_FR","og_type":"article","og_title":"Mes discussions - Microstore -","og_description":"Comment g\u00e9rer mes relations sur MicroStore ? \ud83e\udd14 Comment g\u00e9rer mes relations avec les grossistes gr\u00e2ce \u00e0 MicroStore ? Dans ce guide, nous allons explorer la mani\u00e8re simple et efficace de contacter votre fournisseur grossiste directement depuis votre compte MicroStore. Suivez ces \u00e9tapes pour poser des questions, discuter de produits, et rester connect\u00e9 avec votre [&hellip;]","og_url":"https:\/\/dev.microstore.app\/fr\/mes-discussions\/","og_site_name":"Microstore -","article_modified_time":"2023-12-01T17:15:50+00:00","og_image":[{"url":"https:\/\/wp-micro-beta.neyber.tech\/wp-content\/uploads\/2023\/12\/GROUPE_Screen-Comment-gerer-mes-relations-avec-les-grossistes-grace-a-MS-1024x682.png"}],"twitter_card":"summary_large_image","twitter_misc":{"Dur\u00e9e de lecture estim\u00e9e":"2 minutes"},"schema":{"@context":"https:\/\/schema.org","@graph":[{"@type":"WebPage","@id":"https:\/\/dev.microstore.app\/fr\/mes-discussions\/","url":"https:\/\/dev.microstore.app\/fr\/mes-discussions\/","name":"Mes discussions - Microstore -","isPartOf":{"@id":"https:\/\/dev.microstore.app\/fr\/#website"},"primaryImageOfPage":{"@id":"https:\/\/dev.microstore.app\/fr\/mes-discussions\/#primaryimage"},"image":{"@id":"https:\/\/dev.microstore.app\/fr\/mes-discussions\/#primaryimage"},"thumbnailUrl":"https:\/\/wp-micro-beta.neyber.tech\/wp-content\/uploads\/2023\/12\/GROUPE_Screen-Comment-gerer-mes-relations-avec-les-grossistes-grace-a-MS-1024x682.png","datePublished":"2023-11-30T01:47:48+00:00","dateModified":"2023-12-01T17:15:50+00:00","breadcrumb":{"@id":"https:\/\/dev.microstore.app\/fr\/mes-discussions\/#breadcrumb"},"inLanguage":"fr-FR","potentialAction":[{"@type":"ReadAction","target":["https:\/\/dev.microstore.app\/fr\/mes-discussions\/"]}]},{"@type":"ImageObject","inLanguage":"fr-FR","@id":"https:\/\/dev.microstore.app\/fr\/mes-discussions\/#primaryimage","url":"https:\/\/wp-micro-beta.neyber.tech\/wp-content\/uploads\/2023\/12\/GROUPE_Screen-Comment-gerer-mes-relations-avec-les-grossistes-grace-a-MS-1024x682.png","contentUrl":"https:\/\/wp-micro-beta.neyber.tech\/wp-content\/uploads\/2023\/12\/GROUPE_Screen-Comment-gerer-mes-relations-avec-les-grossistes-grace-a-MS-1024x682.png"},{"@type":"BreadcrumbList","@id":"https:\/\/dev.microstore.app\/fr\/mes-discussions\/#breadcrumb","itemListElement":[{"@type":"ListItem","position":1,"name":"Home","item":"https:\/\/dev.microstore.app\/fr\/"},{"@type":"ListItem","position":2,"name":"Mes discussions"}]},{"@type":"WebSite","@id":"https:\/\/dev.microstore.app\/fr\/#website","url":"https:\/\/dev.microstore.app\/fr\/","name":"Microstore -","description":"Meilleurs grossistes de v\u00eatements en ligne : T\u00e9l\u00e9chargez MicroStore.","publisher":{"@id":"https:\/\/dev.microstore.app\/fr\/#organization"},"potentialAction":[{"@type":"SearchAction","target":{"@type":"EntryPoint","urlTemplate":"https:\/\/dev.microstore.app\/fr\/?s={search_term_string}"},"query-input":"required name=search_term_string"}],"inLanguage":"fr-FR"},{"@type":"Organization","@id":"https:\/\/dev.microstore.app\/fr\/#organization","name":"Microstore -","url":"https:\/\/dev.microstore.app\/fr\/","logo":{"@type":"ImageObject","inLanguage":"fr-FR","@id":"https:\/\/dev.microstore.app\/fr\/#\/schema\/logo\/image\/","url":"https:\/\/wp-micro-beta.neyber.tech\/wp-content\/uploads\/2023\/10\/microstore.webp","contentUrl":"https:\/\/wp-micro-beta.neyber.tech\/wp-content\/uploads\/2023\/10\/microstore.webp","width":830,"height":118,"caption":"Microstore -"},"image":{"@id":"https:\/\/dev.microstore.app\/fr\/#\/schema\/logo\/image\/"}}]}},"_links":{"self":[{"href":"https:\/\/dev.microstore.app\/fr\/wp-json\/wp\/v2\/pages\/2382","targetHints":{"allow":["GET"]}}],"collection":[{"href":"https:\/\/dev.microstore.app\/fr\/wp-json\/wp\/v2\/pages"}],"about":[{"href":"https:\/\/dev.microstore.app\/fr\/wp-json\/wp\/v2\/types\/page"}],"author":[{"embeddable":true,"href":"https:\/\/dev.microstore.app\/fr\/wp-json\/wp\/v2\/users\/1"}],"replies":[{"embeddable":true,"href":"https:\/\/dev.microstore.app\/fr\/wp-json\/wp\/v2\/comments?post=2382"}],"version-history":[{"count":24,"href":"https:\/\/dev.microstore.app\/fr\/wp-json\/wp\/v2\/pages\/2382\/revisions"}],"predecessor-version":[{"id":2754,"href":"https:\/\/dev.microstore.app\/fr\/wp-json\/wp\/v2\/pages\/2382\/revisions\/2754"}],"wp:attachment":[{"href":"https:\/\/dev.microstore.app\/fr\/wp-json\/wp\/v2\/media?parent=2382"}],"curies":[{"name":"wp","href":"https:\/\/api.w.org\/{rel}","templated":true}]}}